{"id":5597,"date":"2024-10-13T08:32:18","date_gmt":"2024-10-13T08:32:18","guid":{"rendered":"https:\/\/canteixidogimnas.com\/contacte\/"},"modified":"2026-01-22T10:13:40","modified_gmt":"2026-01-22T10:13:40","slug":"contacte","status":"publish","type":"page","link":"https:\/\/canteixidogimnas.com\/ca\/contacte\/","title":{"rendered":"Contacte"},"content":{"rendered":"\t\t<div data-elementor-type=\"wp-page\" data-elementor-id=\"5597\" class=\"elementor elementor-5597 elementor-961\">\n\t\t\t\t<div class=\"elementor-element elementor-element-a3c6266 e-flex e-con-boxed e-con e-parent\" data-id=\"a3c6266\" data-element_type=\"container\" data-e-type=\"container\" data-settings=\"{&quot;background_background&quot;:&quot;classic&quot;}\">\n\t\t\t\t\t<div class=\"e-con-inner\">\n\t\t<div class=\"elementor-element elementor-element-c6b572c e-con-full e-flex e-con e-child\" data-id=\"c6b572c\" data-element_type=\"container\" data-e-type=\"container\">\n\t\t\t\t<div class=\"elementor-element elementor-element-8fc78a5 elementor-widget elementor-widget-custom-title-addons\" data-id=\"8fc78a5\" data-element_type=\"widget\" data-e-type=\"widget\" data-widget_type=\"custom-title-addons.default\">\n\t\t\t\t<div class=\"elementor-widget-container\">\n\t\t\t\t\t<div class=\"tpc-double_heading\"><h3 class=\"dbl__title-wrapper\"><span class=\"dbl__title dbl-title_1\">CONTACTE<\/span><\/h3><\/div>\t\t\t\t<\/div>\n\t\t\t\t<\/div>\n\t\t\t\t<div class=\"elementor-element elementor-element-53a7b43 elementor-widget elementor-widget-text-editor\" data-id=\"53a7b43\" data-element_type=\"widget\" data-e-type=\"widget\" data-widget_type=\"text-editor.default\">\n\t\t\t\t<div class=\"elementor-widget-container\">\n\t\t\t\t\t\t\t\t\t<p>Si necessites aclarir dubtes o posar-te en contacte amb nosaltres, omple el formulari i et responem el m\u00e9s aviat possible.<\/p>\t\t\t\t\t\t\t\t<\/div>\n\t\t\t\t<\/div>\n\t\t\t\t<div class=\"elementor-element elementor-element-c86aa18 elementor-widget elementor-widget-google_maps\" data-id=\"c86aa18\" data-element_type=\"widget\" data-e-type=\"widget\" data-widget_type=\"google_maps.default\">\n\t\t\t\t<div class=\"elementor-widget-container\">\n\t\t\t\t\t\t\t<div class=\"elementor-custom-embed\">\n\t\t\t<iframe loading=\"lazy\"\n\t\t\t\t\tsrc=\"https:\/\/maps.google.com\/maps?q=gimnas%20padel%20can%20teixido%20alella&#038;t=m&#038;z=14&#038;output=embed&#038;iwloc=near\"\n\t\t\t\t\ttitle=\"gimnas padel can teixido alella\"\n\t\t\t\t\taria-label=\"gimnas padel can teixido alella\"\n\t\t\t><\/iframe>\n\t\t<\/div>\n\t\t\t\t\t\t<\/div>\n\t\t\t\t<\/div>\n\t\t<div class=\"elementor-element elementor-element-8fbb934 e-con-full e-flex e-con e-child\" data-id=\"8fbb934\" data-element_type=\"container\" data-e-type=\"container\">\n\t\t<div class=\"elementor-element elementor-element-c7f0e90 e-con-full e-flex e-con e-child\" data-id=\"c7f0e90\" data-element_type=\"container\" data-e-type=\"container\">\n\t\t\t\t<div class=\"elementor-element elementor-element-5b45caf elementor-widget elementor-widget-custom-title-addons\" data-id=\"5b45caf\" data-element_type=\"widget\" data-e-type=\"widget\" data-widget_type=\"custom-title-addons.default\">\n\t\t\t\t<div class=\"elementor-widget-container\">\n\t\t\t\t\t<div class=\"tpc-double_heading\"><h3 class=\"dbl__title-wrapper\"><span class=\"dbl__title dbl-title_1\">Direcci\u00f3<\/span><\/h3><\/div>\t\t\t\t<\/div>\n\t\t\t\t<\/div>\n\t\t\t\t<div class=\"elementor-element elementor-element-93dcf46 elementor-view-stacked elementor-position-left elementor-shape-circle elementor-vertical-align-top elementor-widget elementor-widget-fitner-custom-icon\" data-id=\"93dcf46\" data-element_type=\"widget\" data-e-type=\"widget\" data-widget_type=\"fitner-custom-icon.default\">\n\t\t\t\t<div class=\"elementor-widget-container\">\n\t\t\t\t\t        <div class=\"fitner-custom-icon elementor-icon-box-wrapper shape-color type-icon\">\n                        <div class=\"elementor-icon-box-icon\">\n                <span class=\"elementor-icon elementor-animation-\" >\n\n                \n                        \n                               <i aria-hidden=\"true\" class=\"fitner flaticon-location\"><\/i>\n                <\/span>\n            <\/div>\n                        <div class=\"elementor-icon-box-content\">\n                <h3 class=\"elementor-icon-box-title\">\n                    <span  >\n                                            <\/span>\n                <\/h3>\n                                    <p class=\"elementor-icon-box-description\">\n                        Carrer Ponent 8,<br> 08328 Alella                    <\/p>\n                            <\/div>\n        <\/div>\n        \t\t\t\t<\/div>\n\t\t\t\t<\/div>\n\t\t\t\t<div class=\"elementor-element elementor-element-d47da7d elementor-widget elementor-widget-custom-title-addons\" data-id=\"d47da7d\" data-element_type=\"widget\" data-e-type=\"widget\" data-widget_type=\"custom-title-addons.default\">\n\t\t\t\t<div class=\"elementor-widget-container\">\n\t\t\t\t\t<div class=\"tpc-double_heading\"><h3 class=\"dbl__title-wrapper\"><span class=\"dbl__title dbl-title_1\">Tel\u00e8fon<\/span><\/h3><\/div>\t\t\t\t<\/div>\n\t\t\t\t<\/div>\n\t\t\t\t<div class=\"elementor-element elementor-element-c54efd2 elementor-view-stacked elementor-position-left elementor-shape-circle elementor-vertical-align-top elementor-widget elementor-widget-fitner-custom-icon\" data-id=\"c54efd2\" data-element_type=\"widget\" data-e-type=\"widget\" data-widget_type=\"fitner-custom-icon.default\">\n\t\t\t\t<div class=\"elementor-widget-container\">\n\t\t\t\t\t        <div class=\"fitner-custom-icon elementor-icon-box-wrapper shape-color type-icon\">\n                        <div class=\"elementor-icon-box-icon\">\n                <a class=\"elementor-icon elementor-animation-\" href=\"tel:34689936818\">\n\n                \n                        \n                               <svg aria-hidden=\"true\" class=\"e-font-icon-svg e-fas-phone-alt\" viewBox=\"0 0 512 512\" xmlns=\"http:\/\/www.w3.org\/2000\/svg\"><path d=\"M497.39 361.8l-112-48a24 24 0 0 0-28 6.9l-49.6 60.6A370.66 370.66 0 0 1 130.6 204.11l60.6-49.6a23.94 23.94 0 0 0 6.9-28l-48-112A24.16 24.16 0 0 0 122.6.61l-104 24A24 24 0 0 0 0 48c0 256.5 207.9 464 464 464a24 24 0 0 0 23.4-18.6l24-104a24.29 24.29 0 0 0-14.01-27.6z\"><\/path><\/svg>\n                <\/a>\n            <\/div>\n                        <div class=\"elementor-icon-box-content\">\n                <h3 class=\"elementor-icon-box-title\">\n                    <a href=\"tel:34689936818\" >\n                                            <\/a>\n                <\/h3>\n                                    <p class=\"elementor-icon-box-description\">\n                        689 93 68 18                    <\/p>\n                            <\/div>\n        <\/div>\n        \t\t\t\t<\/div>\n\t\t\t\t<\/div>\n\t\t\t\t<\/div>\n\t\t<div class=\"elementor-element elementor-element-484224a e-con-full e-flex e-con e-child\" data-id=\"484224a\" data-element_type=\"container\" data-e-type=\"container\">\n\t\t\t\t<div class=\"elementor-element elementor-element-a29fd8b elementor-widget elementor-widget-custom-title-addons\" data-id=\"a29fd8b\" data-element_type=\"widget\" data-e-type=\"widget\" data-widget_type=\"custom-title-addons.default\">\n\t\t\t\t<div class=\"elementor-widget-container\">\n\t\t\t\t\t<div class=\"tpc-double_heading\"><h3 class=\"dbl__title-wrapper\"><span class=\"dbl__title dbl-title_1\">Horari<\/span><\/h3><\/div>\t\t\t\t<\/div>\n\t\t\t\t<\/div>\n\t\t\t\t<div class=\"elementor-element elementor-element-68ce044 elementor-view-stacked elementor-position-left elementor-shape-circle elementor-vertical-align-top elementor-widget elementor-widget-fitner-custom-icon\" data-id=\"68ce044\" data-element_type=\"widget\" data-e-type=\"widget\" data-widget_type=\"fitner-custom-icon.default\">\n\t\t\t\t<div class=\"elementor-widget-container\">\n\t\t\t\t\t        <div class=\"fitner-custom-icon elementor-icon-box-wrapper shape-color type-icon\">\n                        <div class=\"elementor-icon-box-icon\">\n                <span class=\"elementor-icon elementor-animation-\" >\n\n                \n                        \n                               <i aria-hidden=\"true\" class=\"fitner flaticon-time\"><\/i>\n                <\/span>\n            <\/div>\n                        <div class=\"elementor-icon-box-content\">\n                <h3 class=\"elementor-icon-box-title\">\n                    <span  >\n                                            <\/span>\n                <\/h3>\n                                    <p class=\"elementor-icon-box-description\">\n                        Dilluns a Divendres<br> De 08:00 a 22:00<br>\nDissabte i Diumenge <br> De 09:00 a 21:00                    <\/p>\n                            <\/div>\n        <\/div>\n        \t\t\t\t<\/div>\n\t\t\t\t<\/div>\n\t\t\t\t<\/div>\n\t\t\t\t<\/div>\n\t\t\t\t<\/div>\n\t\t<div class=\"elementor-element elementor-element-c20b234 e-con-full e-flex e-con e-child\" data-id=\"c20b234\" data-element_type=\"container\" data-e-type=\"container\">\n\t\t\t\t<div class=\"elementor-element elementor-element-579f6f4 elementor-widget elementor-widget-fitner-contactform-addons\" data-id=\"579f6f4\" data-element_type=\"widget\" data-e-type=\"widget\" data-widget_type=\"fitner-contactform-addons.default\">\n\t\t\t\t<div class=\"elementor-widget-container\">\n\t\t\t\t\t<div class=\"fitner-form-wrapper\" ><div class=\"wpcf7-head-container\"><h3 class=\"wpcf7-title\">Escriu-nos<\/h3><\/div>\n<div class=\"wpcf7 no-js\" id=\"wpcf7-f5740-o1\" lang=\"ca\" dir=\"ltr\" data-wpcf7-id=\"5740\">\n<div class=\"screen-reader-response\"><p role=\"status\" aria-live=\"polite\" aria-atomic=\"true\"><\/p> <ul><\/ul><\/div>\n<form action=\"\/ca\/wp-json\/wp\/v2\/pages\/5597#wpcf7-f5740-o1\" method=\"post\" class=\"wpcf7-form init\" aria-label=\"Formulari de contacte\" novalidate=\"novalidate\" data-status=\"init\">\n<fieldset class=\"hidden-fields-container\"><input type=\"hidden\" name=\"_wpcf7\" value=\"5740\" \/><input type=\"hidden\" name=\"_wpcf7_version\" value=\"6.1.5\" \/><input type=\"hidden\" name=\"_wpcf7_locale\" value=\"ca\" \/><input type=\"hidden\" name=\"_wpcf7_unit_tag\" value=\"wpcf7-f5740-o1\" \/><input type=\"hidden\" name=\"_wpcf7_container_post\" value=\"0\" \/><input type=\"hidden\" name=\"_wpcf7_posted_data_hash\" value=\"\" \/>\n<\/fieldset>\n<div>\n\t<p><span class=\"wpcf7-form-control-wrap\" data-name=\"your-name\"><input size=\"40\" maxlength=\"400\" class=\"wpcf7-form-control wpcf7-text wpcf7-validates-as-required\" autocomplete=\"name\" aria-required=\"true\" aria-invalid=\"false\" placeholder=\"Nom *\" value=\"\" type=\"text\" name=\"your-name\" \/><\/span>\n\t<\/p>\n<\/div>\n<div>\n\t<p><span class=\"wpcf7-form-control-wrap\" data-name=\"your-email\"><input size=\"40\" maxlength=\"400\" class=\"wpcf7-form-control wpcf7-email wpcf7-validates-as-required wpcf7-text wpcf7-validates-as-email\" autocomplete=\"email\" aria-required=\"true\" aria-invalid=\"false\" placeholder=\"E-mail *\" value=\"\" type=\"email\" name=\"your-email\" \/><\/span>\n\t<\/p>\n<\/div>\n<div>\n\t<p><span class=\"wpcf7-form-control-wrap\" data-name=\"your-subject\"><input size=\"40\" maxlength=\"400\" class=\"wpcf7-form-control wpcf7-text wpcf7-validates-as-required\" aria-required=\"true\" aria-invalid=\"false\" placeholder=\"Assumpte\" value=\"\" type=\"text\" name=\"your-subject\" \/><\/span>\n\t<\/p>\n<\/div>\n<div>\n\t<p><span class=\"wpcf7-form-control-wrap\" data-name=\"your-message\"><textarea cols=\"40\" rows=\"10\" maxlength=\"2000\" class=\"wpcf7-form-control wpcf7-textarea\" aria-invalid=\"false\" placeholder=\"Escriure el missatge\" name=\"your-message\"><\/textarea><\/span>\n\t<\/p>\n<\/div>\n<div class=\"politica-privacidad\">\n\t<p><label><span class=\"wpcf7-form-control-wrap\" data-name=\"acceptance-685\"><span class=\"wpcf7-form-control wpcf7-acceptance\"><span class=\"wpcf7-list-item\"><input type=\"checkbox\" name=\"acceptance-685\" value=\"1\" aria-invalid=\"false\" \/><\/span><\/span><\/span> He llegit i accepto la <a href=\"https:\/\/marficom.com\/aviso-legal\/\" target=\"blank\">pol\u00edtica de privadesa<\/a>.<\/label>\n\t<\/p>\n<\/div>\n<div>\n\t<p><input class=\"wpcf7-form-control wpcf7-submit has-spinner\" type=\"submit\" value=\"ENVIAR\" \/>\n\t<\/p>\n<\/div><div class=\"wpcf7-response-output\" aria-hidden=\"true\"><\/div>\n<\/form>\n<\/div>\n<\/div>\t\t\t\t<\/div>\n\t\t\t\t<\/div>\n\t\t\t\t<\/div>\n\t\t\t\t\t<\/div>\n\t\t\t\t<\/div>\n\t\t<div class=\"elementor-element elementor-element-b6d2459 e-flex e-con-boxed e-con e-parent\" data-id=\"b6d2459\" data-element_type=\"container\" data-e-type=\"container\" data-settings=\"{&quot;background_background&quot;:&quot;classic&quot;}\">\n\t\t\t\t\t<div class=\"e-con-inner\">\n\t\t<div class=\"elementor-element elementor-element-71cf9f1 e-con-full e-flex e-con e-child\" data-id=\"71cf9f1\" data-element_type=\"container\" data-e-type=\"container\">\n\t\t\t\t<div class=\"elementor-element elementor-element-f791d7d elementor-widget elementor-widget-text-editor\" data-id=\"f791d7d\" data-element_type=\"widget\" data-e-type=\"widget\" data-widget_type=\"text-editor.default\">\n\t\t\t\t<div class=\"elementor-widget-container\">\n\t\t\t\t\t\t\t\t\t<p>Financiat per la Uni\u00f3 Europea \u2013 NextGenerationEU<\/p>\t\t\t\t\t\t\t\t<\/div>\n\t\t\t\t<\/div>\n\t\t\t\t<div class=\"elementor-element elementor-element-e85f295 elementor-widget elementor-widget-image\" data-id=\"e85f295\" data-element_type=\"widget\" data-e-type=\"widget\" data-widget_type=\"image.default\">\n\t\t\t\t<div class=\"elementor-widget-container\">\n\t\t\t\t\t\t\t\t\t\t\t\t\t\t\t<img decoding=\"async\" width=\"610\" height=\"79\" src=\"https:\/\/canteixidogimnas.com\/wp-content\/uploads\/2025\/07\/kit-digital.png\" class=\"attachment-large size-large wp-image-5503\" alt=\"\" srcset=\"https:\/\/canteixidogimnas.com\/wp-content\/uploads\/2025\/07\/kit-digital.png 610w, https:\/\/canteixidogimnas.com\/wp-content\/uploads\/2025\/07\/kit-digital-300x39.png 300w\" sizes=\"(max-width: 610px) 100vw, 610px\" \/>\t\t\t\t\t\t\t\t\t\t\t\t\t\t\t<\/div>\n\t\t\t\t<\/div>\n\t\t\t\t<\/div>\n\t\t\t\t\t<\/div>\n\t\t\t\t<\/div>\n\t\t\t\t<\/div>\n\t\t","protected":false},"excerpt":{"rendered":"<p>CONTACTE Si necessites aclarir dubtes o posar-te en contacte amb nosaltres, omple el formulari i et responem el m\u00e9s aviat possible. Direcci\u00f3 Carrer Ponent 8, 08328 Alella Tel\u00e8fon 689 93 68 18 Horari Dilluns a Divendres De 08:00 a 22:00 Dissabte i Diumenge De 09:00 a 21:00 Escriu-nos He le\u00eddo y acepto la pol\u00edtica de&#8230;<\/p>\n","protected":false},"author":1,"featured_media":5468,"parent":0,"menu_order":0,"comment_status":"closed","ping_status":"closed","template":"","meta":{"footnotes":""},"class_list":["post-5597","page","type-page","status-publish","has-post-thumbnail","hentry"],"yoast_head":"<!-- This site is optimized with the Yoast SEO plugin v27.0 - https:\/\/yoast.com\/product\/yoast-seo-wordpress\/ -->\n<title>Contacte - WMT Gym<\/title>\n<meta name=\"description\" content=\"Al gimn\u00e0s del Can Teixid\u00f3 Padel Club, a m\u00e9s dels entrenaments amb m\u00e0quines, oferim classes grupals amb entrenadors especialitzats en el m\u00e8tode Wild Movement Training.\" \/>\n<meta name=\"robots\" content=\"index, follow, max-snippet:-1, max-image-preview:large, max-video-preview:-1\" \/>\n<link rel=\"canonical\" href=\"https:\/\/canteixidogimnas.com\/ca\/contacte\/\" \/>\n<meta property=\"og:locale\" content=\"ca_ES\" \/>\n<meta property=\"og:type\" content=\"article\" \/>\n<meta property=\"og:title\" content=\"Contacte - WMT Gym\" \/>\n<meta property=\"og:description\" content=\"Al gimn\u00e0s del Can Teixid\u00f3 Padel Club, a m\u00e9s dels entrenaments amb m\u00e0quines, oferim classes grupals amb entrenadors especialitzats en el m\u00e8tode Wild Movement Training.\" \/>\n<meta property=\"og:url\" content=\"https:\/\/canteixidogimnas.com\/ca\/contacte\/\" \/>\n<meta property=\"og:site_name\" content=\"WMT Gym\" \/>\n<meta property=\"article:modified_time\" content=\"2026-01-22T10:13:40+00:00\" \/>\n<meta property=\"og:image\" content=\"https:\/\/canteixidogimnas.com\/wp-content\/uploads\/2025\/06\/gimnas-ok.jpg\" \/>\n\t<meta property=\"og:image:width\" content=\"1500\" \/>\n\t<meta property=\"og:image:height\" content=\"1000\" \/>\n\t<meta property=\"og:image:type\" content=\"image\/jpeg\" \/>\n<meta name=\"twitter:card\" content=\"summary_large_image\" \/>\n<meta name=\"twitter:label1\" content=\"Temps estimat de lectura\" \/>\n\t<meta name=\"twitter:data1\" content=\"1 minut\" \/>\n<script type=\"application\/ld+json\" class=\"yoast-schema-graph\">{\"@context\":\"https:\/\/schema.org\",\"@graph\":[{\"@type\":\"WebPage\",\"@id\":\"https:\/\/canteixidogimnas.com\/ca\/contacte\/\",\"url\":\"https:\/\/canteixidogimnas.com\/ca\/contacte\/\",\"name\":\"Contacte - WMT Gym\",\"isPartOf\":{\"@id\":\"https:\/\/canteixidogimnas.com\/ca\/#website\"},\"primaryImageOfPage\":{\"@id\":\"https:\/\/canteixidogimnas.com\/ca\/contacte\/#primaryimage\"},\"image\":{\"@id\":\"https:\/\/canteixidogimnas.com\/ca\/contacte\/#primaryimage\"},\"thumbnailUrl\":\"https:\/\/canteixidogimnas.com\/wp-content\/uploads\/2025\/06\/gimnas-ok.jpg\",\"datePublished\":\"2024-10-13T08:32:18+00:00\",\"dateModified\":\"2026-01-22T10:13:40+00:00\",\"description\":\"Al gimn\u00e0s del Can Teixid\u00f3 Padel Club, a m\u00e9s dels entrenaments amb m\u00e0quines, oferim classes grupals amb entrenadors especialitzats en el m\u00e8tode Wild Movement Training.\",\"breadcrumb\":{\"@id\":\"https:\/\/canteixidogimnas.com\/ca\/contacte\/#breadcrumb\"},\"inLanguage\":\"ca\",\"potentialAction\":[{\"@type\":\"ReadAction\",\"target\":[\"https:\/\/canteixidogimnas.com\/ca\/contacte\/\"]}]},{\"@type\":\"ImageObject\",\"inLanguage\":\"ca\",\"@id\":\"https:\/\/canteixidogimnas.com\/ca\/contacte\/#primaryimage\",\"url\":\"https:\/\/canteixidogimnas.com\/wp-content\/uploads\/2025\/06\/gimnas-ok.jpg\",\"contentUrl\":\"https:\/\/canteixidogimnas.com\/wp-content\/uploads\/2025\/06\/gimnas-ok.jpg\",\"width\":1500,\"height\":1000},{\"@type\":\"BreadcrumbList\",\"@id\":\"https:\/\/canteixidogimnas.com\/ca\/contacte\/#breadcrumb\",\"itemListElement\":[{\"@type\":\"ListItem\",\"position\":1,\"name\":\"Portada\",\"item\":\"https:\/\/canteixidogimnas.com\/ca\/\"},{\"@type\":\"ListItem\",\"position\":2,\"name\":\"Contacte\"}]},{\"@type\":\"WebSite\",\"@id\":\"https:\/\/canteixidogimnas.com\/ca\/#website\",\"url\":\"https:\/\/canteixidogimnas.com\/ca\/\",\"name\":\"WMT Gym\",\"description\":\"El gimnasio de WMT\",\"publisher\":{\"@id\":\"https:\/\/canteixidogimnas.com\/ca\/#organization\"},\"alternateName\":\"Gimn\u00e0s Can Teixid\u00f3\",\"potentialAction\":[{\"@type\":\"SearchAction\",\"target\":{\"@type\":\"EntryPoint\",\"urlTemplate\":\"https:\/\/canteixidogimnas.com\/ca\/?s={search_term_string}\"},\"query-input\":{\"@type\":\"PropertyValueSpecification\",\"valueRequired\":true,\"valueName\":\"search_term_string\"}}],\"inLanguage\":\"ca\"},{\"@type\":\"Organization\",\"@id\":\"https:\/\/canteixidogimnas.com\/ca\/#organization\",\"name\":\"WMT Gym\",\"url\":\"https:\/\/canteixidogimnas.com\/ca\/\",\"logo\":{\"@type\":\"ImageObject\",\"inLanguage\":\"ca\",\"@id\":\"https:\/\/canteixidogimnas.com\/ca\/#\/schema\/logo\/image\/\",\"url\":\"https:\/\/canteixidogimnas.com\/wp-content\/uploads\/2025\/06\/cropped-logo-wmt-gym.png\",\"contentUrl\":\"https:\/\/canteixidogimnas.com\/wp-content\/uploads\/2025\/06\/cropped-logo-wmt-gym.png\",\"width\":300,\"height\":80,\"caption\":\"WMT Gym\"},\"image\":{\"@id\":\"https:\/\/canteixidogimnas.com\/ca\/#\/schema\/logo\/image\/\"},\"sameAs\":[\"https:\/\/www.linkedin.com\/company\/wild-movement-training\"]}]}<\/script>\n<!-- \/ Yoast SEO plugin. -->","yoast_head_json":{"title":"Contacte - WMT Gym","description":"Al gimn\u00e0s del Can Teixid\u00f3 Padel Club, a m\u00e9s dels entrenaments amb m\u00e0quines, oferim classes grupals amb entrenadors especialitzats en el m\u00e8tode Wild Movement Training.","robots":{"index":"index","follow":"follow","max-snippet":"max-snippet:-1","max-image-preview":"max-image-preview:large","max-video-preview":"max-video-preview:-1"},"canonical":"https:\/\/canteixidogimnas.com\/ca\/contacte\/","og_locale":"ca_ES","og_type":"article","og_title":"Contacte - WMT Gym","og_description":"Al gimn\u00e0s del Can Teixid\u00f3 Padel Club, a m\u00e9s dels entrenaments amb m\u00e0quines, oferim classes grupals amb entrenadors especialitzats en el m\u00e8tode Wild Movement Training.","og_url":"https:\/\/canteixidogimnas.com\/ca\/contacte\/","og_site_name":"WMT Gym","article_modified_time":"2026-01-22T10:13:40+00:00","og_image":[{"width":1500,"height":1000,"url":"https:\/\/canteixidogimnas.com\/wp-content\/uploads\/2025\/06\/gimnas-ok.jpg","type":"image\/jpeg"}],"twitter_card":"summary_large_image","twitter_misc":{"Temps estimat de lectura":"1 minut"},"schema":{"@context":"https:\/\/schema.org","@graph":[{"@type":"WebPage","@id":"https:\/\/canteixidogimnas.com\/ca\/contacte\/","url":"https:\/\/canteixidogimnas.com\/ca\/contacte\/","name":"Contacte - WMT Gym","isPartOf":{"@id":"https:\/\/canteixidogimnas.com\/ca\/#website"},"primaryImageOfPage":{"@id":"https:\/\/canteixidogimnas.com\/ca\/contacte\/#primaryimage"},"image":{"@id":"https:\/\/canteixidogimnas.com\/ca\/contacte\/#primaryimage"},"thumbnailUrl":"https:\/\/canteixidogimnas.com\/wp-content\/uploads\/2025\/06\/gimnas-ok.jpg","datePublished":"2024-10-13T08:32:18+00:00","dateModified":"2026-01-22T10:13:40+00:00","description":"Al gimn\u00e0s del Can Teixid\u00f3 Padel Club, a m\u00e9s dels entrenaments amb m\u00e0quines, oferim classes grupals amb entrenadors especialitzats en el m\u00e8tode Wild Movement Training.","breadcrumb":{"@id":"https:\/\/canteixidogimnas.com\/ca\/contacte\/#breadcrumb"},"inLanguage":"ca","potentialAction":[{"@type":"ReadAction","target":["https:\/\/canteixidogimnas.com\/ca\/contacte\/"]}]},{"@type":"ImageObject","inLanguage":"ca","@id":"https:\/\/canteixidogimnas.com\/ca\/contacte\/#primaryimage","url":"https:\/\/canteixidogimnas.com\/wp-content\/uploads\/2025\/06\/gimnas-ok.jpg","contentUrl":"https:\/\/canteixidogimnas.com\/wp-content\/uploads\/2025\/06\/gimnas-ok.jpg","width":1500,"height":1000},{"@type":"BreadcrumbList","@id":"https:\/\/canteixidogimnas.com\/ca\/contacte\/#breadcrumb","itemListElement":[{"@type":"ListItem","position":1,"name":"Portada","item":"https:\/\/canteixidogimnas.com\/ca\/"},{"@type":"ListItem","position":2,"name":"Contacte"}]},{"@type":"WebSite","@id":"https:\/\/canteixidogimnas.com\/ca\/#website","url":"https:\/\/canteixidogimnas.com\/ca\/","name":"WMT Gym","description":"El gimnasio de WMT","publisher":{"@id":"https:\/\/canteixidogimnas.com\/ca\/#organization"},"alternateName":"Gimn\u00e0s Can Teixid\u00f3","potentialAction":[{"@type":"SearchAction","target":{"@type":"EntryPoint","urlTemplate":"https:\/\/canteixidogimnas.com\/ca\/?s={search_term_string}"},"query-input":{"@type":"PropertyValueSpecification","valueRequired":true,"valueName":"search_term_string"}}],"inLanguage":"ca"},{"@type":"Organization","@id":"https:\/\/canteixidogimnas.com\/ca\/#organization","name":"WMT Gym","url":"https:\/\/canteixidogimnas.com\/ca\/","logo":{"@type":"ImageObject","inLanguage":"ca","@id":"https:\/\/canteixidogimnas.com\/ca\/#\/schema\/logo\/image\/","url":"https:\/\/canteixidogimnas.com\/wp-content\/uploads\/2025\/06\/cropped-logo-wmt-gym.png","contentUrl":"https:\/\/canteixidogimnas.com\/wp-content\/uploads\/2025\/06\/cropped-logo-wmt-gym.png","width":300,"height":80,"caption":"WMT Gym"},"image":{"@id":"https:\/\/canteixidogimnas.com\/ca\/#\/schema\/logo\/image\/"},"sameAs":["https:\/\/www.linkedin.com\/company\/wild-movement-training"]}]}},"_links":{"self":[{"href":"https:\/\/canteixidogimnas.com\/ca\/wp-json\/wp\/v2\/pages\/5597","targetHints":{"allow":["GET"]}}],"collection":[{"href":"https:\/\/canteixidogimnas.com\/ca\/wp-json\/wp\/v2\/pages"}],"about":[{"href":"https:\/\/canteixidogimnas.com\/ca\/wp-json\/wp\/v2\/types\/page"}],"author":[{"embeddable":true,"href":"https:\/\/canteixidogimnas.com\/ca\/wp-json\/wp\/v2\/users\/1"}],"replies":[{"embeddable":true,"href":"https:\/\/canteixidogimnas.com\/ca\/wp-json\/wp\/v2\/comments?post=5597"}],"version-history":[{"count":7,"href":"https:\/\/canteixidogimnas.com\/ca\/wp-json\/wp\/v2\/pages\/5597\/revisions"}],"predecessor-version":[{"id":6064,"href":"https:\/\/canteixidogimnas.com\/ca\/wp-json\/wp\/v2\/pages\/5597\/revisions\/6064"}],"wp:featuredmedia":[{"embeddable":true,"href":"https:\/\/canteixidogimnas.com\/ca\/wp-json\/wp\/v2\/media\/5468"}],"wp:attachment":[{"href":"https:\/\/canteixidogimnas.com\/ca\/wp-json\/wp\/v2\/media?parent=5597"}],"curies":[{"name":"wp","href":"https:\/\/api.w.org\/{rel}","templated":true}]}}