{"id":5608,"date":"2025-06-25T14:29:18","date_gmt":"2025-06-25T14:29:18","guid":{"rendered":"https:\/\/canteixidogimnas.com\/pagament-de-quotes\/"},"modified":"2025-08-04T13:00:50","modified_gmt":"2025-08-04T13:00:50","slug":"pagament-de-quotes","status":"publish","type":"page","link":"https:\/\/canteixidogimnas.com\/ca\/pagament-de-quotes\/","title":{"rendered":"Pagament de quotes"},"content":{"rendered":"\t\t<div data-elementor-type=\"wp-page\" data-elementor-id=\"5608\" class=\"elementor elementor-5608 elementor-4656\">\n\t\t\t\t<div class=\"elementor-element elementor-element-86d5d68 e-flex e-con-boxed e-con e-parent\" data-id=\"86d5d68\" data-element_type=\"container\" data-e-type=\"container\" data-settings=\"{&quot;background_background&quot;:&quot;classic&quot;}\">\n\t\t\t\t\t<div class=\"e-con-inner\">\n\t\t\t\t<div class=\"elementor-element elementor-element-9f75335 elementor-widget elementor-widget-custom-title-addons\" data-id=\"9f75335\" data-element_type=\"widget\" data-e-type=\"widget\" data-widget_type=\"custom-title-addons.default\">\n\t\t\t\t<div class=\"elementor-widget-container\">\n\t\t\t\t\t<div class=\"tpc-double_heading\"><div class=\"dbl__subtitle\"><span>Wild Movement Training | Gym<\/span><\/div><h3 class=\"dbl__title-wrapper\"><span class=\"dbl__title dbl-title_1\">Pagament de Quota<\/span><\/h3><\/div>\t\t\t\t<\/div>\n\t\t\t\t<\/div>\n\t\t\t\t<div class=\"elementor-element elementor-element-a2d928e elementor-widget elementor-widget-text-editor\" data-id=\"a2d928e\" data-element_type=\"widget\" data-e-type=\"widget\" data-widget_type=\"text-editor.default\">\n\t\t\t\t<div class=\"elementor-widget-container\">\n\t\t\t\t\t\t\t\t\t<p>Un cop t&#8217;has donat d&#8217;alta, haur\u00e0s de fer el pagament de la teva quota per poder gaudir del nostre gimn\u00e0s i de tot el sistema de reserves i activitats. Si tens qualsevol dubte, posa&#8217;t en <a href=\"https:\/\/canteixidogimnas.com\/ca\/contacte\/\">contacte<\/a> amb nosaltres.<\/p>\t\t\t\t\t\t\t\t<\/div>\n\t\t\t\t<\/div>\n\t\t\t\t<div class=\"elementor-element elementor-element-2d51cc7 elementor-widget elementor-widget-html\" data-id=\"2d51cc7\" data-element_type=\"widget\" data-e-type=\"widget\" data-widget_type=\"html.default\">\n\t\t\t\t<div class=\"elementor-widget-container\">\n\t\t\t\t\t<script src=\"https:\/\/wmt-iframe.ismygym.com\/iframe\/iframe.min.js\"><\/script>\r\n<link href=\"https:\/\/wmt-iframe.ismygym.com\/iframe\/iframe.min.css\" rel=\"stylesheet\">\r\n<iframe src=\"https:\/\/wmt-iframe.ismygym.com\/centro-wild-movement-training-school\/cuota-socio?from=\" id=\"ism-iframe\" sandbox=\"allow-scripts allow-modals allow-forms allow-same-origin\" width=\"845\" height=\"928\">\r\n<\/iframe>\t\t\t\t<\/div>\n\t\t\t\t<\/div>\n\t\t\t\t\t<\/div>\n\t\t\t\t<\/div>\n\t\t\t\t<\/div>\n\t\t","protected":false},"excerpt":{"rendered":"<p>Wild Movement Training | Gym Pagament de Quota Un cop t&#8217;has donat d&#8217;alta, haur\u00e0s de fer el pagament de la teva quota per poder gaudir del nostre gimn\u00e0s i de tot el sistema de reserves i activitats. Si tens qualsevol dubte, posa&#8217;t en contacte amb nosaltres.<\/p>\n","protected":false},"author":1,"featured_media":5468,"parent":0,"menu_order":0,"comment_status":"closed","ping_status":"closed","template":"","meta":{"footnotes":""},"class_list":["post-5608","page","type-page","status-publish","has-post-thumbnail","hentry"],"yoast_head":"<!-- This site is optimized with the Yoast SEO plugin v27.0 - https:\/\/yoast.com\/product\/yoast-seo-wordpress\/ -->\n<title>Pagament de quotes - WMT Gym<\/title>\n<meta name=\"description\" content=\"Al gimn\u00e0s del Can Teixid\u00f3 Padel Club, a m\u00e9s dels entrenaments amb m\u00e0quines, oferim classes grupals amb entrenadors especialitzats en el m\u00e8tode Wild Movement Training.\" \/>\n<meta name=\"robots\" content=\"index, follow, max-snippet:-1, max-image-preview:large, max-video-preview:-1\" \/>\n<link rel=\"canonical\" href=\"https:\/\/canteixidogimnas.com\/ca\/pagament-de-quotes\/\" \/>\n<meta property=\"og:locale\" content=\"ca_ES\" \/>\n<meta property=\"og:type\" content=\"article\" \/>\n<meta property=\"og:title\" content=\"Pagament de quotes - WMT Gym\" \/>\n<meta property=\"og:description\" content=\"Al gimn\u00e0s del Can Teixid\u00f3 Padel Club, a m\u00e9s dels entrenaments amb m\u00e0quines, oferim classes grupals amb entrenadors especialitzats en el m\u00e8tode Wild Movement Training.\" \/>\n<meta property=\"og:url\" content=\"https:\/\/canteixidogimnas.com\/ca\/pagament-de-quotes\/\" \/>\n<meta property=\"og:site_name\" content=\"WMT Gym\" \/>\n<meta property=\"article:modified_time\" content=\"2025-08-04T13:00:50+00:00\" \/>\n<meta property=\"og:image\" content=\"https:\/\/canteixidogimnas.com\/wp-content\/uploads\/2025\/06\/gimnas-ok.jpg\" \/>\n\t<meta property=\"og:image:width\" content=\"1500\" \/>\n\t<meta property=\"og:image:height\" content=\"1000\" \/>\n\t<meta property=\"og:image:type\" content=\"image\/jpeg\" \/>\n<meta name=\"twitter:card\" content=\"summary_large_image\" \/>\n<meta name=\"twitter:label1\" content=\"Temps estimat de lectura\" \/>\n\t<meta name=\"twitter:data1\" content=\"1 minut\" \/>\n<script type=\"application\/ld+json\" class=\"yoast-schema-graph\">{\"@context\":\"https:\/\/schema.org\",\"@graph\":[{\"@type\":\"WebPage\",\"@id\":\"https:\/\/canteixidogimnas.com\/ca\/pagament-de-quotes\/\",\"url\":\"https:\/\/canteixidogimnas.com\/ca\/pagament-de-quotes\/\",\"name\":\"Pagament de quotes - WMT Gym\",\"isPartOf\":{\"@id\":\"https:\/\/canteixidogimnas.com\/ca\/#website\"},\"primaryImageOfPage\":{\"@id\":\"https:\/\/canteixidogimnas.com\/ca\/pagament-de-quotes\/#primaryimage\"},\"image\":{\"@id\":\"https:\/\/canteixidogimnas.com\/ca\/pagament-de-quotes\/#primaryimage\"},\"thumbnailUrl\":\"https:\/\/canteixidogimnas.com\/wp-content\/uploads\/2025\/06\/gimnas-ok.jpg\",\"datePublished\":\"2025-06-25T14:29:18+00:00\",\"dateModified\":\"2025-08-04T13:00:50+00:00\",\"description\":\"Al gimn\u00e0s del Can Teixid\u00f3 Padel Club, a m\u00e9s dels entrenaments amb m\u00e0quines, oferim classes grupals amb entrenadors especialitzats en el m\u00e8tode Wild Movement Training.\",\"breadcrumb\":{\"@id\":\"https:\/\/canteixidogimnas.com\/ca\/pagament-de-quotes\/#breadcrumb\"},\"inLanguage\":\"ca\",\"potentialAction\":[{\"@type\":\"ReadAction\",\"target\":[\"https:\/\/canteixidogimnas.com\/ca\/pagament-de-quotes\/\"]}]},{\"@type\":\"ImageObject\",\"inLanguage\":\"ca\",\"@id\":\"https:\/\/canteixidogimnas.com\/ca\/pagament-de-quotes\/#primaryimage\",\"url\":\"https:\/\/canteixidogimnas.com\/wp-content\/uploads\/2025\/06\/gimnas-ok.jpg\",\"contentUrl\":\"https:\/\/canteixidogimnas.com\/wp-content\/uploads\/2025\/06\/gimnas-ok.jpg\",\"width\":1500,\"height\":1000},{\"@type\":\"BreadcrumbList\",\"@id\":\"https:\/\/canteixidogimnas.com\/ca\/pagament-de-quotes\/#breadcrumb\",\"itemListElement\":[{\"@type\":\"ListItem\",\"position\":1,\"name\":\"Portada\",\"item\":\"https:\/\/canteixidogimnas.com\/ca\/\"},{\"@type\":\"ListItem\",\"position\":2,\"name\":\"Pagament de quotes\"}]},{\"@type\":\"WebSite\",\"@id\":\"https:\/\/canteixidogimnas.com\/ca\/#website\",\"url\":\"https:\/\/canteixidogimnas.com\/ca\/\",\"name\":\"WMT Gym\",\"description\":\"El gimnasio de WMT\",\"publisher\":{\"@id\":\"https:\/\/canteixidogimnas.com\/ca\/#organization\"},\"alternateName\":\"Gimn\u00e0s Can Teixid\u00f3\",\"potentialAction\":[{\"@type\":\"SearchAction\",\"target\":{\"@type\":\"EntryPoint\",\"urlTemplate\":\"https:\/\/canteixidogimnas.com\/ca\/?s={search_term_string}\"},\"query-input\":{\"@type\":\"PropertyValueSpecification\",\"valueRequired\":true,\"valueName\":\"search_term_string\"}}],\"inLanguage\":\"ca\"},{\"@type\":\"Organization\",\"@id\":\"https:\/\/canteixidogimnas.com\/ca\/#organization\",\"name\":\"WMT Gym\",\"url\":\"https:\/\/canteixidogimnas.com\/ca\/\",\"logo\":{\"@type\":\"ImageObject\",\"inLanguage\":\"ca\",\"@id\":\"https:\/\/canteixidogimnas.com\/ca\/#\/schema\/logo\/image\/\",\"url\":\"https:\/\/canteixidogimnas.com\/wp-content\/uploads\/2025\/06\/cropped-logo-wmt-gym.png\",\"contentUrl\":\"https:\/\/canteixidogimnas.com\/wp-content\/uploads\/2025\/06\/cropped-logo-wmt-gym.png\",\"width\":300,\"height\":80,\"caption\":\"WMT Gym\"},\"image\":{\"@id\":\"https:\/\/canteixidogimnas.com\/ca\/#\/schema\/logo\/image\/\"},\"sameAs\":[\"https:\/\/www.linkedin.com\/company\/wild-movement-training\"]}]}<\/script>\n<!-- \/ Yoast SEO plugin. -->","yoast_head_json":{"title":"Pagament de quotes - WMT Gym","description":"Al gimn\u00e0s del Can Teixid\u00f3 Padel Club, a m\u00e9s dels entrenaments amb m\u00e0quines, oferim classes grupals amb entrenadors especialitzats en el m\u00e8tode Wild Movement Training.","robots":{"index":"index","follow":"follow","max-snippet":"max-snippet:-1","max-image-preview":"max-image-preview:large","max-video-preview":"max-video-preview:-1"},"canonical":"https:\/\/canteixidogimnas.com\/ca\/pagament-de-quotes\/","og_locale":"ca_ES","og_type":"article","og_title":"Pagament de quotes - WMT Gym","og_description":"Al gimn\u00e0s del Can Teixid\u00f3 Padel Club, a m\u00e9s dels entrenaments amb m\u00e0quines, oferim classes grupals amb entrenadors especialitzats en el m\u00e8tode Wild Movement Training.","og_url":"https:\/\/canteixidogimnas.com\/ca\/pagament-de-quotes\/","og_site_name":"WMT Gym","article_modified_time":"2025-08-04T13:00:50+00:00","og_image":[{"width":1500,"height":1000,"url":"https:\/\/canteixidogimnas.com\/wp-content\/uploads\/2025\/06\/gimnas-ok.jpg","type":"image\/jpeg"}],"twitter_card":"summary_large_image","twitter_misc":{"Temps estimat de lectura":"1 minut"},"schema":{"@context":"https:\/\/schema.org","@graph":[{"@type":"WebPage","@id":"https:\/\/canteixidogimnas.com\/ca\/pagament-de-quotes\/","url":"https:\/\/canteixidogimnas.com\/ca\/pagament-de-quotes\/","name":"Pagament de quotes - WMT Gym","isPartOf":{"@id":"https:\/\/canteixidogimnas.com\/ca\/#website"},"primaryImageOfPage":{"@id":"https:\/\/canteixidogimnas.com\/ca\/pagament-de-quotes\/#primaryimage"},"image":{"@id":"https:\/\/canteixidogimnas.com\/ca\/pagament-de-quotes\/#primaryimage"},"thumbnailUrl":"https:\/\/canteixidogimnas.com\/wp-content\/uploads\/2025\/06\/gimnas-ok.jpg","datePublished":"2025-06-25T14:29:18+00:00","dateModified":"2025-08-04T13:00:50+00:00","description":"Al gimn\u00e0s del Can Teixid\u00f3 Padel Club, a m\u00e9s dels entrenaments amb m\u00e0quines, oferim classes grupals amb entrenadors especialitzats en el m\u00e8tode Wild Movement Training.","breadcrumb":{"@id":"https:\/\/canteixidogimnas.com\/ca\/pagament-de-quotes\/#breadcrumb"},"inLanguage":"ca","potentialAction":[{"@type":"ReadAction","target":["https:\/\/canteixidogimnas.com\/ca\/pagament-de-quotes\/"]}]},{"@type":"ImageObject","inLanguage":"ca","@id":"https:\/\/canteixidogimnas.com\/ca\/pagament-de-quotes\/#primaryimage","url":"https:\/\/canteixidogimnas.com\/wp-content\/uploads\/2025\/06\/gimnas-ok.jpg","contentUrl":"https:\/\/canteixidogimnas.com\/wp-content\/uploads\/2025\/06\/gimnas-ok.jpg","width":1500,"height":1000},{"@type":"BreadcrumbList","@id":"https:\/\/canteixidogimnas.com\/ca\/pagament-de-quotes\/#breadcrumb","itemListElement":[{"@type":"ListItem","position":1,"name":"Portada","item":"https:\/\/canteixidogimnas.com\/ca\/"},{"@type":"ListItem","position":2,"name":"Pagament de quotes"}]},{"@type":"WebSite","@id":"https:\/\/canteixidogimnas.com\/ca\/#website","url":"https:\/\/canteixidogimnas.com\/ca\/","name":"WMT Gym","description":"El gimnasio de WMT","publisher":{"@id":"https:\/\/canteixidogimnas.com\/ca\/#organization"},"alternateName":"Gimn\u00e0s Can Teixid\u00f3","potentialAction":[{"@type":"SearchAction","target":{"@type":"EntryPoint","urlTemplate":"https:\/\/canteixidogimnas.com\/ca\/?s={search_term_string}"},"query-input":{"@type":"PropertyValueSpecification","valueRequired":true,"valueName":"search_term_string"}}],"inLanguage":"ca"},{"@type":"Organization","@id":"https:\/\/canteixidogimnas.com\/ca\/#organization","name":"WMT Gym","url":"https:\/\/canteixidogimnas.com\/ca\/","logo":{"@type":"ImageObject","inLanguage":"ca","@id":"https:\/\/canteixidogimnas.com\/ca\/#\/schema\/logo\/image\/","url":"https:\/\/canteixidogimnas.com\/wp-content\/uploads\/2025\/06\/cropped-logo-wmt-gym.png","contentUrl":"https:\/\/canteixidogimnas.com\/wp-content\/uploads\/2025\/06\/cropped-logo-wmt-gym.png","width":300,"height":80,"caption":"WMT Gym"},"image":{"@id":"https:\/\/canteixidogimnas.com\/ca\/#\/schema\/logo\/image\/"},"sameAs":["https:\/\/www.linkedin.com\/company\/wild-movement-training"]}]}},"_links":{"self":[{"href":"https:\/\/canteixidogimnas.com\/ca\/wp-json\/wp\/v2\/pages\/5608","targetHints":{"allow":["GET"]}}],"collection":[{"href":"https:\/\/canteixidogimnas.com\/ca\/wp-json\/wp\/v2\/pages"}],"about":[{"href":"https:\/\/canteixidogimnas.com\/ca\/wp-json\/wp\/v2\/types\/page"}],"author":[{"embeddable":true,"href":"https:\/\/canteixidogimnas.com\/ca\/wp-json\/wp\/v2\/users\/1"}],"replies":[{"embeddable":true,"href":"https:\/\/canteixidogimnas.com\/ca\/wp-json\/wp\/v2\/comments?post=5608"}],"version-history":[{"count":4,"href":"https:\/\/canteixidogimnas.com\/ca\/wp-json\/wp\/v2\/pages\/5608\/revisions"}],"predecessor-version":[{"id":5655,"href":"https:\/\/canteixidogimnas.com\/ca\/wp-json\/wp\/v2\/pages\/5608\/revisions\/5655"}],"wp:featuredmedia":[{"embeddable":true,"href":"https:\/\/canteixidogimnas.com\/ca\/wp-json\/wp\/v2\/media\/5468"}],"wp:attachment":[{"href":"https:\/\/canteixidogimnas.com\/ca\/wp-json\/wp\/v2\/media?parent=5608"}],"curies":[{"name":"wp","href":"https:\/\/api.w.org\/{rel}","templated":true}]}}