{"id":5611,"date":"2025-06-05T14:28:07","date_gmt":"2025-06-05T14:28:07","guid":{"rendered":"https:\/\/canteixidogimnas.com\/politica-de-privadesa\/"},"modified":"2025-08-04T12:36:10","modified_gmt":"2025-08-04T12:36:10","slug":"politica-de-privadesa","status":"publish","type":"page","link":"https:\/\/canteixidogimnas.com\/ca\/politica-de-privadesa\/","title":{"rendered":"Pol\u00edtica de privadesa"},"content":{"rendered":"\n<h2 class=\"wp-block-heading\"><\/h2>\n\n<p>WILD MOVEMENT TRAINING SCHOOL, SL t\u00e9 com a objectiu respectar la privadesa dels seus usuaris i protegir les dades de car\u00e0cter personal que aquests puguin facilitar.<\/p>\n\n<p>En atenci\u00f3 al que estableix la normativa en mat\u00e8ria de protecci\u00f3 de dades, i en concret al que estableix la Llei Org\u00e0nica 3\/2018, de 5 de desembre, de Protecci\u00f3 de Dades Personals i garantia dels drets digitals (d&#8217;ara endavant, LOPDGDD) i el Reglament General de Protecci\u00f3 de Dades de la Uni\u00f3 Europea (d&#8217;ara endavant, RGPD), aquesta tasca de recopilaci\u00f3 de les dades es regir\u00e0 a partir dels termes descrits a continuaci\u00f3:<\/p>\n\n<p>S&#8217;informa a l&#8217;usuari que en aquest document trobareu tota la informaci\u00f3 relativa al tractament de dades personals que WILD MOVEMENT TRAINING SCHOOL, SL realitza sobre les dades dels vostres clients i usuaris. Per aix\u00f2, i com a mostra del seu comprom\u00eds amb les pol\u00edtiques de protecci\u00f3 de dades, WILD MOVEMENT TRAINING SCHOOL, SL publica de manera permanent la informaci\u00f3 relativa a la seva pol\u00edtica de privadesa en aquesta app i web. <\/p>\n\n<p>Qui s\u00f3n els responsables del tractament?<\/p>\n\n<p>Societat<br\/>WILD MOVEMENT TRAINING SCHOOL, SL<br\/>N.I.F<br\/>B16743601<br\/>Direcci\u00f3<br\/>Carrer Ponent, 8, 08328 Alella, Barcelona<br\/>Direcci\u00f3 de correu electr\u00f2nic<br\/>admin@wildmovement.es<br\/>lopd@wildmovement.es<\/p>\n\n<h2 class=\"wp-block-heading\">P\u00e0gina web<\/h2>\n\n<p>Quines dades de car\u00e0cter personal es tractaran?<\/p>\n\n<p>Depenent de com interactua l&#8217;usuari amb el responsable del tractament o mitjan\u00e7ant aquesta app, es tractaran dades de car\u00e0cter personal, que, en general, seran les seg\u00fcents:<\/p>\n\n<p>Dades identificatives (entre les quals destaquen, nom, cognoms, idioma, dades de contacte, etc.).<br\/>Dades de connexi\u00f3, geolocalitzaci\u00f3 i navegaci\u00f3 (en cas d&#8217;interactuar amb nosaltres des del m\u00f2bil, per exemple).<\/p>\n\n<p>S&#8217;avisa a l&#8217;usuari que alguna de les dades de car\u00e0cter personal pot resultar de comunicaci\u00f3 obligat\u00f2ria a fi de donar acc\u00e9s a alguna de les funcionalitats o serveis d&#8217;aquesta p\u00e0gina web o perqu\u00e8 sigui imprescindible per prestar el servei o producte contractat, donar acc\u00e9s a una funcionalitat concreta o gestionar el motiu del seu contacte, aix\u00ed com donar-li tr\u00e0mit a nivell administratiu.<\/p>\n\n<p>L&#8217;usuari ser\u00e0 l&#8217;\u00fanic responsable d&#8217;assegurar la veracitat de les dades de car\u00e0cter personal facilitades. En cas que els coresponsables del tractament detectin que les dades facilitades s\u00f3n falses, podr\u00e0 excloure l&#8217;usuari o el client de la prestaci\u00f3 de serveis, sense perjudici de les altres accions que legalment siguin procedents. <\/p>\n\n<p>Amb quina finalitat, base legal i termini de conservaci\u00f3 es tractaran les dades de car\u00e0cter personal de l&#8217;usuari o client?<\/p>\n\n<p>Segons interactu\u00ef l&#8217;usuari o client amb els corresponsables del tractament, les dades de car\u00e0cter personal seran tractades segons les condicions seg\u00fcents:<\/p>\n\n<p>Atenci\u00f3 al client:<\/p>\n\n<p>FINALITAT<br\/>Gesti\u00f3 de dades personals per a l&#8217;atenci\u00f3 de consultes, sol\u00b7licituds o peticions de l&#8217;usuari o client.<\/p>\n\n<p>BASE LEGAL<br\/>Si l&#8217;usuari contacta a trav\u00e9s de qualsevol formulari habilitat a trav\u00e9s d&#8217;aquesta p\u00e0gina web o a trav\u00e9s de qualsevol altre mitj\u00e0 de contacte publicitat a la present website, la base legal del tractament \u00e9s el consentiment de l&#8217;usuari.<\/p>\n\n<p>El responsable del tractament t\u00e9 un inter\u00e8s leg\u00edtim per atendre les sol\u00b7licituds, consultes o dubtes que plantegi l&#8217;usuari, ja sigui a trav\u00e9s del present website o a trav\u00e9s de qualsevol mitj\u00e0 de contacte existent amb el responsable, incloses les xarxes socials en qu\u00e8 siguin presents.<\/p>\n\n<p>Si el contacte de l&#8217;usuari amb el responsable del tractament es realitza en virtut de l&#8217;exercici dels drets emparats per alguna disposici\u00f3 legal, incloses les reclamacions o consultes relacionades amb serveis o productes, la base legal que regeix per a aquest tractament \u00e9s el compliment d&#8217;obligacions legals.<\/p>\n\n<p>TERMINI DE CONSERVACI\u00d3<br\/>Les dades personals tractades per a aquesta finalitat es conservaran fins que l&#8217;usuari decideixi retirar el consentiment prestat per al tractament.<\/p>\n\n<p>DESTINATARIS<br\/>Prove\u00efdors de serveis tecnol\u00f2gics.<br\/>Prove\u00efdors de serveis relacionats amb atenci\u00f3 al client.<br\/>Prove\u00efdors de serveis relacionats amb ladministraci\u00f3 dels corresponsables.<br\/>Administracions p\u00fabliques quan aix\u00ed ho exigeixi la normativa vigent.<br\/>Col\u00b7laboradors de serveis esportius\/fisioterapeutes dins de la mateixa website\/app<\/p>\n\n<p>Marketing<\/p>\n\n<p>FINALITAT<br\/>Enviament de comunicacions comercials o alguna promoci\u00f3 que tingui vigent algun dels corresponsables del tractament, incloses Newsletters. Comunicaci\u00f3 a trav\u00e9s de xarxes socials. <\/p>\n\n<p>BASE LEGAL<br\/>La base legal per al tractament de dades personals amb finalitats de m\u00e0rqueting \u00e9s el consentiment de l&#8217;usuari. En cas de realitzar estudis de m\u00e0rqueting, la base legal per al tractament \u00e9s l&#8217;inter\u00e8s leg\u00edtim dels coresponsables del tractament. <\/p>\n\n<p>Quan entre el client i el responsable del tractament hi hagi una relaci\u00f3 contractual pr\u00e8via, aquest poden enviar comunicacions comercials referents a productes o serveis de la seva pr\u00f2pia empresa que siguin similars als que inicialment van ser objecte de contractaci\u00f3 amb el client, i la base legal per al tractament dels casos esmentats \u00e9s l&#8217;inter\u00e8s leg\u00edtim, en base al que estableix l&#8217;article 21.2 de la Llei 34\/2002, d&#8217;11 de juliol, de serveis de la societat de la informaci\u00f3 i de comer\u00e7 electr\u00f2nic.<\/p>\n\n<p>TERMINI DE CONSERVACI\u00d3<br\/>Les dades personals tractades per a aquesta finalitat seran conservades fins que l&#8217;usuari decideixi retirar el consentiment.<\/p>\n\n<p>DESTINATARIS<br\/>Prove\u00efdors de serveis tecnol\u00f2gics.<br\/>Prove\u00efdors de serveis relacionats amb atenci\u00f3 al client.<br\/>Prove\u00efdors de serveis relacionats amb ladministraci\u00f3 dels corresponsables.<br\/>Prove\u00efdors i col\u00b7laboradors de serveis relacionats amb m\u00e0rqueting i publicitat<\/p>\n\n<p>Enquestes de qualitat<\/p>\n\n<p>FINALITAT<br\/>Contacte amb el client o usuari per fer enquestes de qualitat sobre els productes contractats, la satisfacci\u00f3 de l&#8217;usuari amb aquesta app, la qualitat de l&#8217;atenci\u00f3 al client o sobre els serveis o productes contractats.<\/p>\n\n<p>BASE LEGAL<br\/>El responsable del tractament disposa d&#8217;un inter\u00e8s leg\u00edtim per fer enquestes de qualitat.<\/p>\n\n<p>TERMINI DE CONSERVACI\u00d3<br\/>Les dades personals tractades per a aquesta finalitat seran conservades fins que l&#8217;usuari decideixi retirar el consentiment.<\/p>\n\n<p>DESTINATARIS<br\/>Prove\u00efdors de serveis tecnol\u00f2gics<br\/>Prove\u00efdors de serveis relacionats amb atenci\u00f3 al client<br\/>Prove\u00efdors de serveis relacionats amb ladministraci\u00f3 dels corresponsables del tractament.<br\/>Prove\u00efdors i col\u00b7laboradors de serveis relacionats amb m\u00e0rqueting i publicitat<\/p>\n\n<p>El responsable del tractament informa als usuaris o clients que les dades personals seran conservades per tal d&#8217;atendre tantes responsabilitats civils, mercantils, administratives, penals o fiscals, els puguin ser aplicables, sempre atenent la normativa vigent en cada moment. Un cop transcorreguts aquests terminis, les dades de car\u00e0cter personal seran suprimides. <\/p>\n\n<p>El responsable del tractament informa que algunes de les funcions necess\u00e0ries per a la prestaci\u00f3 dels serveis a l&#8217;usuari o al client es realitzen a trav\u00e9s d&#8217;encarregats de tractament situats fora de la UE i que, en tot cas, garanteixen un nivell adequat de protecci\u00f3 de les dades personals.<\/p>\n\n<p>\u00bf Podeu facilitar dades personals els menors d&#8217;edat?<\/p>\n\n<p>Els usuaris menors de 13 anys nom\u00e9s podran utilitzar els serveis disponibles a la present app si compten amb la pr\u00e8via autoritzaci\u00f3 dels seus pares, tutors o representants legals, els quals seran els \u00fanics responsables dels actes realitzats a trav\u00e9s d&#8217;aquesta p\u00e0gina web pels menors a c\u00e0rrec seu, incloent-hi l&#8217;emplenament dels formularis amb les dades personals dels esmentats menors i la marcaci\u00f3, si \u00e9s el cas, si escau.<\/p>\n\n<p>At\u00e8s que WILD MOVEMENT TRAINING SCHOOL SL no pot controlar si els usuaris s\u00f3n menors d&#8217;edat o no, hauran de ser els pares, tutors o representants legals els qui vetllen perqu\u00e8 s&#8217;habilitin els mecanismes necessaris per evitar que els menors accedeixin a aquesta app i\/o facilitin dades de car\u00e0cter personal sense la seva supervisi\u00f3, no admetent cap responsabilitat.<\/p>\n\n<p>Quins drets tenen els usuaris o els clients?<\/p>\n\n<p>Els usuaris que hagin facilitat dades de car\u00e0cter personal perqu\u00e8 els corresponsables del tractament els tractin disposen dels drets seg\u00fcents:<\/p>\n\n<p>DRET D&#8217;ACC\u00c9S<br\/>L&#8217;usuari t\u00e9 dret a obtenir del responsable del tractament confirmaci\u00f3 de si s&#8217;est\u00e0 tractant o no dades de car\u00e0cter personal que li concerneixen, aix\u00ed com accedir a les dades personals que disposin.<\/p>\n\n<p>DRET DE RECTIFICACI\u00d3<br\/>L&#8217;usuari t\u00e9 dret a sol\u00b7licitar al responsable del tractament que rectifiqui les dades inexactes que li concerneixen. Tamb\u00e9 tindr\u00e0 dret que es completin les dades personals que siguin incompletes, fins i tot mitjan\u00e7ant una declaraci\u00f3 addicional. <\/p>\n\n<p>DRET DE SUPRESSI\u00d3\/DRET A L&#8217;OBLIT<br\/>L&#8217;usuari tindr\u00e0 dret que el responsable del tractament suprimeixi les dades personals que li concerneixen, sempre tenint en compte els requisits establerts a la legislaci\u00f3 vigent.<\/p>\n\n<p>DRET DE LIMITACI\u00d3<br\/>L&#8217;usuari tindr\u00e0 dret a sol\u00b7licitar al responsable del tractament la limitaci\u00f3 del tractament de les dades personals, sempre tenint en compte els requisits establerts a la legislaci\u00f3 vigent.<\/p>\n\n<p>DRET D&#8217;OPOSICI\u00d3<br\/>L&#8217;usuari t\u00e9 dret a oposar-se que el responsable del tractament tracti les dades personals que li concerneixen quan siguin objecte d&#8217;un tractament basat en l&#8217;inter\u00e8s p\u00fablic o leg\u00edtim. En aquest cas, el responsable del tractament deixar\u00e0 de tractar les dades, excepte per motius leg\u00edtims imperiosos o lexercici o defensa de possibles reclamacions.<\/p>\n\n<p>DRET A PRESENTAR UNA RECLAMACI\u00d3<br\/>L&#8217;usuari t\u00e9 dret a presentar una reclamaci\u00f3 davant l&#8217;Ag\u00e8ncia Espanyola de Protecci\u00f3 de Dades si considera que es vulneren els drets anteriorment exposats en aquesta pol\u00edtica de privadesa o si considera que el tractament de dades personals que li concerneixen infringeix el Reglament (UE) 2016\/679 del Parlament Europeu i del Consell, de 27 d&#8217;abril de 2010 desembre, de protecci\u00f3 de dades personals i garantia dels drets digitals.<\/p>\n\n<p>L&#8217;usuari o client podr\u00e0 exercir els drets recollits anteriorment sense cap cost, llevat del que disposa l&#8217;article 15.3 del RGPD. L&#8217;usuari o el client tindr\u00e0 dret a rebre una resposta en els terminis establerts per la legislaci\u00f3 vigent en mat\u00e8ria de protecci\u00f3 de dades. Podreu exercir els vostres drets enviant una comunicaci\u00f3:<\/p>\n\n<p>Societat<br\/>WILD MOVEMENT TRAINING SCHOOL, SL<br\/>Direcci\u00f3<br\/>Carrer Ponent, 8, 08328 Alella, Barcelona<br\/>Direcci\u00f3 de correu electr\u00f2nic<br\/>admin@wildmovement.es<br\/>lopd@wildmovement.es<\/p>\n\n<p>Cal adjuntar una fotoc\u00f2pia del DNI o un altre document identificatiu similar.<br\/>Quina seguretat s&#8217;aplica a les dades personals?<\/p>\n\n<p>El responsable del tractament adopta les mesures t\u00e8cniques i organitzatives necess\u00e0ries per evitar la p\u00e8rdua de dades, aix\u00ed com el tractament o l&#8217;acc\u00e9s no autoritzat de tercers, a fi de garantir la seguretat i la integritat de les dades personals facilitades.<\/p>\n\n<p>Canvis en la pol\u00edtica de privadesa<\/p>\n\n<p>El responsable del tractament es reserva el dret en exclusiva d&#8217;actualitzar aquesta Pol\u00edtica de Privadesa en base a les necessitats pr\u00f2pies de l&#8217;app, aix\u00ed com per adaptar-la als possibles canvis legislatius en mat\u00e8ria de protecci\u00f3 de dades.<\/p>\n\n<p>En cas de realitzar-se la modificaci\u00f3 indicada al par\u00e0graf anterior, WILD MOVEMENT TRAINING SCHOOL SL informar\u00e0 a l&#8217;usuari dels canvis en q\u00fcesti\u00f3 si s\u00f3n significatius per a la seva privadesa, de manera que es pugui revisar els canvis introdu\u00efts, a fi de valorar l&#8217;oposici\u00f3 als tractaments de dades de car\u00e0cter personal o donar-se de baixa en algun servei o funcionalitat. En qualsevol cas, si es requereix el consentiment per al tractament de dades de car\u00e0cter personal per a finalitats diferents previstes a la present pol\u00edtica de privadesa, se sol\u00b7licitar\u00e0 el consentiment de l&#8217;usuari segons les previsions de la normativa relativa a protecci\u00f3 de dades vigent en cada moment.<\/p>\n\n<p><\/p>\n","protected":false},"excerpt":{"rendered":"<p>WILD MOVEMENT TRAINING SCHOOL, SL t\u00e9 com a objectiu respectar la privadesa dels seus usuaris i protegir les dades de car\u00e0cter personal que aquests puguin facilitar. En atenci\u00f3 al que estableix la normativa en mat\u00e8ria de protecci\u00f3 de dades, i en concret al que estableix la Llei Org\u00e0nica 3\/2018, de 5 de desembre, de Protecci\u00f3&#8230;<\/p>\n","protected":false},"author":1,"featured_media":0,"parent":0,"menu_order":0,"comment_status":"closed","ping_status":"closed","template":"","meta":{"footnotes":""},"class_list":["post-5611","page","type-page","status-publish","hentry"],"yoast_head":"<!-- This site is optimized with the Yoast SEO plugin v27.0 - https:\/\/yoast.com\/product\/yoast-seo-wordpress\/ -->\n<title>Pol\u00edtica de privadesa - WMT Gym<\/title>\n<meta name=\"robots\" content=\"index, follow, max-snippet:-1, max-image-preview:large, max-video-preview:-1\" \/>\n<link rel=\"canonical\" href=\"https:\/\/canteixidogimnas.com\/ca\/politica-de-privadesa\/\" \/>\n<meta property=\"og:locale\" content=\"ca_ES\" \/>\n<meta property=\"og:type\" content=\"article\" \/>\n<meta property=\"og:title\" content=\"Pol\u00edtica de privadesa - WMT Gym\" \/>\n<meta property=\"og:description\" content=\"WILD MOVEMENT TRAINING SCHOOL, SL t\u00e9 com a objectiu respectar la privadesa dels seus usuaris i protegir les dades de car\u00e0cter personal que aquests puguin facilitar. En atenci\u00f3 al que estableix la normativa en mat\u00e8ria de protecci\u00f3 de dades, i en concret al que estableix la Llei Org\u00e0nica 3\/2018, de 5 de desembre, de Protecci\u00f3&#8230;\" \/>\n<meta property=\"og:url\" content=\"https:\/\/canteixidogimnas.com\/ca\/politica-de-privadesa\/\" \/>\n<meta property=\"og:site_name\" content=\"WMT Gym\" \/>\n<meta property=\"article:modified_time\" content=\"2025-08-04T12:36:10+00:00\" \/>\n<meta property=\"og:image\" content=\"https:\/\/canteixidogimnas.com\/wp-content\/uploads\/2025\/06\/gimnas-ok.jpg\" \/>\n\t<meta property=\"og:image:width\" content=\"1500\" \/>\n\t<meta property=\"og:image:height\" content=\"1000\" \/>\n\t<meta property=\"og:image:type\" content=\"image\/jpeg\" \/>\n<meta name=\"twitter:card\" content=\"summary_large_image\" \/>\n<meta name=\"twitter:label1\" content=\"Temps estimat de lectura\" \/>\n\t<meta name=\"twitter:data1\" content=\"9 minuts\" \/>\n<script type=\"application\/ld+json\" class=\"yoast-schema-graph\">{\"@context\":\"https:\/\/schema.org\",\"@graph\":[{\"@type\":\"WebPage\",\"@id\":\"https:\/\/canteixidogimnas.com\/ca\/politica-de-privadesa\/\",\"url\":\"https:\/\/canteixidogimnas.com\/ca\/politica-de-privadesa\/\",\"name\":\"Pol\u00edtica de privadesa - WMT Gym\",\"isPartOf\":{\"@id\":\"https:\/\/canteixidogimnas.com\/ca\/#website\"},\"datePublished\":\"2025-06-05T14:28:07+00:00\",\"dateModified\":\"2025-08-04T12:36:10+00:00\",\"breadcrumb\":{\"@id\":\"https:\/\/canteixidogimnas.com\/ca\/politica-de-privadesa\/#breadcrumb\"},\"inLanguage\":\"ca\",\"potentialAction\":[{\"@type\":\"ReadAction\",\"target\":[\"https:\/\/canteixidogimnas.com\/ca\/politica-de-privadesa\/\"]}]},{\"@type\":\"BreadcrumbList\",\"@id\":\"https:\/\/canteixidogimnas.com\/ca\/politica-de-privadesa\/#breadcrumb\",\"itemListElement\":[{\"@type\":\"ListItem\",\"position\":1,\"name\":\"Portada\",\"item\":\"https:\/\/canteixidogimnas.com\/ca\/\"},{\"@type\":\"ListItem\",\"position\":2,\"name\":\"Pol\u00edtica de privadesa\"}]},{\"@type\":\"WebSite\",\"@id\":\"https:\/\/canteixidogimnas.com\/ca\/#website\",\"url\":\"https:\/\/canteixidogimnas.com\/ca\/\",\"name\":\"WMT Gym\",\"description\":\"El gimnasio de WMT\",\"publisher\":{\"@id\":\"https:\/\/canteixidogimnas.com\/ca\/#organization\"},\"alternateName\":\"Gimn\u00e0s Can Teixid\u00f3\",\"potentialAction\":[{\"@type\":\"SearchAction\",\"target\":{\"@type\":\"EntryPoint\",\"urlTemplate\":\"https:\/\/canteixidogimnas.com\/ca\/?s={search_term_string}\"},\"query-input\":{\"@type\":\"PropertyValueSpecification\",\"valueRequired\":true,\"valueName\":\"search_term_string\"}}],\"inLanguage\":\"ca\"},{\"@type\":\"Organization\",\"@id\":\"https:\/\/canteixidogimnas.com\/ca\/#organization\",\"name\":\"WMT Gym\",\"url\":\"https:\/\/canteixidogimnas.com\/ca\/\",\"logo\":{\"@type\":\"ImageObject\",\"inLanguage\":\"ca\",\"@id\":\"https:\/\/canteixidogimnas.com\/ca\/#\/schema\/logo\/image\/\",\"url\":\"https:\/\/canteixidogimnas.com\/wp-content\/uploads\/2025\/06\/cropped-logo-wmt-gym.png\",\"contentUrl\":\"https:\/\/canteixidogimnas.com\/wp-content\/uploads\/2025\/06\/cropped-logo-wmt-gym.png\",\"width\":300,\"height\":80,\"caption\":\"WMT Gym\"},\"image\":{\"@id\":\"https:\/\/canteixidogimnas.com\/ca\/#\/schema\/logo\/image\/\"},\"sameAs\":[\"https:\/\/www.linkedin.com\/company\/wild-movement-training\"]}]}<\/script>\n<!-- \/ Yoast SEO plugin. -->","yoast_head_json":{"title":"Pol\u00edtica de privadesa - WMT Gym","robots":{"index":"index","follow":"follow","max-snippet":"max-snippet:-1","max-image-preview":"max-image-preview:large","max-video-preview":"max-video-preview:-1"},"canonical":"https:\/\/canteixidogimnas.com\/ca\/politica-de-privadesa\/","og_locale":"ca_ES","og_type":"article","og_title":"Pol\u00edtica de privadesa - WMT Gym","og_description":"WILD MOVEMENT TRAINING SCHOOL, SL t\u00e9 com a objectiu respectar la privadesa dels seus usuaris i protegir les dades de car\u00e0cter personal que aquests puguin facilitar. En atenci\u00f3 al que estableix la normativa en mat\u00e8ria de protecci\u00f3 de dades, i en concret al que estableix la Llei Org\u00e0nica 3\/2018, de 5 de desembre, de Protecci\u00f3&#8230;","og_url":"https:\/\/canteixidogimnas.com\/ca\/politica-de-privadesa\/","og_site_name":"WMT Gym","article_modified_time":"2025-08-04T12:36:10+00:00","og_image":[{"width":1500,"height":1000,"url":"https:\/\/canteixidogimnas.com\/wp-content\/uploads\/2025\/06\/gimnas-ok.jpg","type":"image\/jpeg"}],"twitter_card":"summary_large_image","twitter_misc":{"Temps estimat de lectura":"9 minuts"},"schema":{"@context":"https:\/\/schema.org","@graph":[{"@type":"WebPage","@id":"https:\/\/canteixidogimnas.com\/ca\/politica-de-privadesa\/","url":"https:\/\/canteixidogimnas.com\/ca\/politica-de-privadesa\/","name":"Pol\u00edtica de privadesa - WMT Gym","isPartOf":{"@id":"https:\/\/canteixidogimnas.com\/ca\/#website"},"datePublished":"2025-06-05T14:28:07+00:00","dateModified":"2025-08-04T12:36:10+00:00","breadcrumb":{"@id":"https:\/\/canteixidogimnas.com\/ca\/politica-de-privadesa\/#breadcrumb"},"inLanguage":"ca","potentialAction":[{"@type":"ReadAction","target":["https:\/\/canteixidogimnas.com\/ca\/politica-de-privadesa\/"]}]},{"@type":"BreadcrumbList","@id":"https:\/\/canteixidogimnas.com\/ca\/politica-de-privadesa\/#breadcrumb","itemListElement":[{"@type":"ListItem","position":1,"name":"Portada","item":"https:\/\/canteixidogimnas.com\/ca\/"},{"@type":"ListItem","position":2,"name":"Pol\u00edtica de privadesa"}]},{"@type":"WebSite","@id":"https:\/\/canteixidogimnas.com\/ca\/#website","url":"https:\/\/canteixidogimnas.com\/ca\/","name":"WMT Gym","description":"El gimnasio de WMT","publisher":{"@id":"https:\/\/canteixidogimnas.com\/ca\/#organization"},"alternateName":"Gimn\u00e0s Can Teixid\u00f3","potentialAction":[{"@type":"SearchAction","target":{"@type":"EntryPoint","urlTemplate":"https:\/\/canteixidogimnas.com\/ca\/?s={search_term_string}"},"query-input":{"@type":"PropertyValueSpecification","valueRequired":true,"valueName":"search_term_string"}}],"inLanguage":"ca"},{"@type":"Organization","@id":"https:\/\/canteixidogimnas.com\/ca\/#organization","name":"WMT Gym","url":"https:\/\/canteixidogimnas.com\/ca\/","logo":{"@type":"ImageObject","inLanguage":"ca","@id":"https:\/\/canteixidogimnas.com\/ca\/#\/schema\/logo\/image\/","url":"https:\/\/canteixidogimnas.com\/wp-content\/uploads\/2025\/06\/cropped-logo-wmt-gym.png","contentUrl":"https:\/\/canteixidogimnas.com\/wp-content\/uploads\/2025\/06\/cropped-logo-wmt-gym.png","width":300,"height":80,"caption":"WMT Gym"},"image":{"@id":"https:\/\/canteixidogimnas.com\/ca\/#\/schema\/logo\/image\/"},"sameAs":["https:\/\/www.linkedin.com\/company\/wild-movement-training"]}]}},"_links":{"self":[{"href":"https:\/\/canteixidogimnas.com\/ca\/wp-json\/wp\/v2\/pages\/5611","targetHints":{"allow":["GET"]}}],"collection":[{"href":"https:\/\/canteixidogimnas.com\/ca\/wp-json\/wp\/v2\/pages"}],"about":[{"href":"https:\/\/canteixidogimnas.com\/ca\/wp-json\/wp\/v2\/types\/page"}],"author":[{"embeddable":true,"href":"https:\/\/canteixidogimnas.com\/ca\/wp-json\/wp\/v2\/users\/1"}],"replies":[{"embeddable":true,"href":"https:\/\/canteixidogimnas.com\/ca\/wp-json\/wp\/v2\/comments?post=5611"}],"version-history":[{"count":1,"href":"https:\/\/canteixidogimnas.com\/ca\/wp-json\/wp\/v2\/pages\/5611\/revisions"}],"predecessor-version":[{"id":5612,"href":"https:\/\/canteixidogimnas.com\/ca\/wp-json\/wp\/v2\/pages\/5611\/revisions\/5612"}],"wp:attachment":[{"href":"https:\/\/canteixidogimnas.com\/ca\/wp-json\/wp\/v2\/media?parent=5611"}],"curies":[{"name":"wp","href":"https:\/\/api.w.org\/{rel}","templated":true}]}}